{"id":32,"date":"2018-04-08T20:22:32","date_gmt":"2018-04-08T18:22:32","guid":{"rendered":"http:\/\/www.theater-der-schatten.de\/bamberg\/?page_id=32"},"modified":"2018-04-15T14:12:13","modified_gmt":"2018-04-15T12:12:13","slug":"die-erste-spur","status":"publish","type":"page","link":"https:\/\/www.theater-der-schatten.de\/bamberg\/die-erste-spur\/","title":{"rendered":"Die erste Spur"},"content":{"rendered":"<p>Noch nie in all den Jahren zuvor hatte ich den Dompatz so bev\u00f6lkert erlebt: Es schien, als k\u00e4men sie von \u00fcberall her, von den H\u00fcgeln der Bergstadt herunter und aus den Gassen der Altstadt herauf, die G\u00e4ste der Landesausstellung \u00fcber K\u00f6nig und Kaiser Heinrich II. Ausgew\u00e4hlte Exponate und ein nachgebautes mittelalterliches Geh\u00f6ft gaben Einblick in das Leben der damaligen Bewohner und die Besucher wurden f\u00fcr einige Momente in diese Zeit zur\u00fcck entf\u00fchrt. An einem Sommertag war das, 2002.<\/p>\n<p>Wie ein Hauch zog  am Horizont meines Geistes eine vage Idee entlang: \u201eWenn man diese Menschenmengen ins Theater bringen k\u00f6nnte, noch dazu hier auf dem Domplatz\u2026!\u201c und war schon fast wieder verweht in den unsichtbar verzweigten Gedankenstr\u00f6men. Aber mit Ideen kenne ich mich aus: Bleistift und Papier sind immer dabei!<\/p>\n\n\t\t<style type=\"text\/css\">\n\t\t\t#gallery-1 {\n\t\t\t\tmargin: auto;\n\t\t\t}\n\t\t\t#gallery-1 .gallery-item {\n\t\t\t\tfloat: left;\n\t\t\t\tmargin-top: 10px;\n\t\t\t\ttext-align: center;\n\t\t\t\twidth: 50%;\n\t\t\t}\n\t\t\t#gallery-1 img {\n\t\t\t\tborder: 2px solid #cfcfcf;\n\t\t\t}\n\t\t\t#gallery-1 .gallery-caption {\n\t\t\t\tmargin-left: 0;\n\t\t\t}\n\t\t\t\/* see gallery_shortcode() in wp-includes\/media.php *\/\n\t\t<\/style>\n\t\t<div id='gallery-1' class='gallery galleryid-32 gallery-columns-2 gallery-size-full'><dl class='gallery-item'>\n\t\t\t<dt class='gallery-icon landscape'>\n\t\t\t\t<img loading=\"lazy\" decoding=\"async\" width=\"295\" height=\"197\" src=\"https:\/\/www.theater-der-schatten.de\/bamberg\/wp-content\/uploads\/sites\/2\/2018\/04\/die-erste-spur1.jpg\" class=\"attachment-full size-full\" alt=\"\" \/>\n\t\t\t<\/dt><\/dl><dl class='gallery-item'>\n\t\t\t<dt class='gallery-icon landscape'>\n\t\t\t\t<img loading=\"lazy\" decoding=\"async\" width=\"295\" height=\"197\" src=\"https:\/\/www.theater-der-schatten.de\/bamberg\/wp-content\/uploads\/sites\/2\/2018\/04\/die-erste-spur2.jpg\" class=\"attachment-full size-full\" alt=\"\" \/>\n\t\t\t<\/dt><\/dl><br style=\"clear: both\" \/>\n\t\t<\/div>\n\n<p>\u201eDas Leben schreibt die besten Geschichten\u201c dachte ich und bat einige Kenner der Stadhistorie, sich mit mir um einen Tisch zu versammeln. Ein Kriminalst\u00fcck sollte es werden, eine spannende Inszenierung mit Schattenbildern, deren Schaupl\u00e4tze im mittelalterlichen Bamberg angesiedelt sind und von einer \u201efrevelhaften\u201c Tat berichten, die irgendwann zwischen den Jahrhunderten hier geschehen war. Am besten \u201edunkles Mittelalter!\u201cOpulente Gesichter und neblige Abende des M\u00fchlenviertels am Fluss w\u00e4ren geeignete Szenenbilder.<\/p>\n<p>Dann sa\u00dfen wir und durchforsteten akribisch die lange Zeit &#8211; aber die Suche nach einer \u201egeeigneten Tat\u201c blieb ergebnislos. Der K\u00f6nigsmord 1208 lag zu weit zur\u00fcck und zudem war die Motivlage nicht eindeutig gekl\u00e4rt. Au\u00dferdem wollte ich es nicht auf Herrschaftsebene  sondern in den Niederungen der verwinkelten Altstadt ansiedeln. Dort sollte sich mein \u201eaufsehenerregendes Verbrechen\u201c abspielen \u2013 aber dergleichen war zwischen den Jahrhunderten nicht zu finden und was vage begonnen hatte, zerstob.<\/p>\n<p>Manches Kapitel allerdings in den Geschichten des Lebens beginnt unbemerkt. In der Suche der Stadtf\u00fchrer gab es zwar keinen \u201eEinzelt\u00e4ter\u201c, wie ich ihn gerne gefunden h\u00e4tte, aber es tauchten Worte auf, die von etwas anderem erz\u00e4hlten: Aufruhr hie\u00dfen sie und Aufstand, Niederschlagung und Vertreibung, Habgier und Verrat.<br \/>\nWochen sp\u00e4ter erlebte ich einen \u00fcberraschenden und zugleich begl\u00fcckenden Moment: Was \u00fcber Jahrhunderte geschehen war setzte sich &#8211; wie ein pl\u00f6tzlich erkennbares Mosaik &#8211; in einem einzigen Augenblick zu einer waghalsigen Idee in mir zusammen:<br \/>\ndie Geschichte der Stadt ist auch ein Kriminalst\u00fcck, das erz\u00e4hlt werden kann!<\/p>\n","protected":false},"excerpt":{"rendered":"<p>Noch nie in all den Jahren zuvor hatte ich den Dompatz so bev\u00f6lkert erlebt: Es schien, als k\u00e4men sie von \u00fcberall her, von den H\u00fcgeln der Bergstadt herunter und aus den Gassen der Altstadt herauf, die G\u00e4ste der Landesausstellung \u00fcber K\u00f6nig und Kaiser Heinrich II. Ausgew\u00e4hlte Exponate und ein nachgebautes mittelalterliches Geh\u00f6ft gaben Einblick in [&hellip;]<\/p>\n","protected":false},"author":4,"featured_media":0,"parent":0,"menu_order":2,"comment_status":"closed","ping_status":"closed","template":"","meta":{"footnotes":""},"class_list":["post-32","page","type-page","status-publish","hentry"],"_links":{"self":[{"href":"https:\/\/www.theater-der-schatten.de\/bamberg\/wp-json\/wp\/v2\/pages\/32","targetHints":{"allow":["GET"]}}],"collection":[{"href":"https:\/\/www.theater-der-schatten.de\/bamberg\/wp-json\/wp\/v2\/pages"}],"about":[{"href":"https:\/\/www.theater-der-schatten.de\/bamberg\/wp-json\/wp\/v2\/types\/page"}],"author":[{"embeddable":true,"href":"https:\/\/www.theater-der-schatten.de\/bamberg\/wp-json\/wp\/v2\/users\/4"}],"replies":[{"embeddable":true,"href":"https:\/\/www.theater-der-schatten.de\/bamberg\/wp-json\/wp\/v2\/comments?post=32"}],"version-history":[{"count":4,"href":"https:\/\/www.theater-der-schatten.de\/bamberg\/wp-json\/wp\/v2\/pages\/32\/revisions"}],"predecessor-version":[{"id":84,"href":"https:\/\/www.theater-der-schatten.de\/bamberg\/wp-json\/wp\/v2\/pages\/32\/revisions\/84"}],"wp:attachment":[{"href":"https:\/\/www.theater-der-schatten.de\/bamberg\/wp-json\/wp\/v2\/media?parent=32"}],"curies":[{"name":"wp","href":"https:\/\/api.w.org\/{rel}","templated":true}]}}