{"id":38,"date":"2018-04-08T20:22:53","date_gmt":"2018-04-08T18:22:53","guid":{"rendered":"http:\/\/www.theater-der-schatten.de\/bamberg\/?page_id=38"},"modified":"2018-04-15T14:12:13","modified_gmt":"2018-04-15T12:12:13","slug":"alles-ist-offen","status":"publish","type":"page","link":"https:\/\/www.theater-der-schatten.de\/bamberg\/alles-ist-offen\/","title":{"rendered":"Alles ist offen"},"content":{"rendered":"<p>Schattenspiel kennt jeder: flache Figuren hinter einer Leinwand gef\u00fchrt und irgendwo h\u00e4ngt ein Licht. Kommt aus China oder von irgendwo dort.<\/p>\n<p>Stimmt.<\/p>\n<p>Aber davon ist hier nicht die Rede! Sondern von Schatten theater und einer \u201eoffenen Spielweise\u201c. Davon, dass alles vor der Leinwand statt findet. Sichtbar ist. Auch der Spieler!<\/p>\n<p>Durch neue Lichtquellen  ist es m\u00f6glich geworden, die Objekte und Figuren von der Leinwand wegzunehmen. Dann wir der Schatten gr\u00f6\u00dfer aber er bleibt dabei scharf!<br \/>\nJede Bewegung einer Figur oder der Lichtquelle &#8211; und damit jede Ver\u00e4nderung der Szene auf der Leinwand &#8211; wird gezeigt!<\/p>\n\n\t\t<style type=\"text\/css\">\n\t\t\t#gallery-1 {\n\t\t\t\tmargin: auto;\n\t\t\t}\n\t\t\t#gallery-1 .gallery-item {\n\t\t\t\tfloat: left;\n\t\t\t\tmargin-top: 10px;\n\t\t\t\ttext-align: center;\n\t\t\t\twidth: 50%;\n\t\t\t}\n\t\t\t#gallery-1 img {\n\t\t\t\tborder: 2px solid #cfcfcf;\n\t\t\t}\n\t\t\t#gallery-1 .gallery-caption {\n\t\t\t\tmargin-left: 0;\n\t\t\t}\n\t\t\t\/* see gallery_shortcode() in wp-includes\/media.php *\/\n\t\t<\/style>\n\t\t<div id='gallery-1' class='gallery galleryid-38 gallery-columns-2 gallery-size-full'><dl class='gallery-item'>\n\t\t\t<dt class='gallery-icon landscape'>\n\t\t\t\t<img loading=\"lazy\" decoding=\"async\" width=\"295\" height=\"197\" src=\"https:\/\/www.theater-der-schatten.de\/bamberg\/wp-content\/uploads\/sites\/2\/2018\/04\/alles-ist-offen1.jpg\" class=\"attachment-full size-full\" alt=\"\" \/>\n\t\t\t<\/dt><\/dl><dl class='gallery-item'>\n\t\t\t<dt class='gallery-icon landscape'>\n\t\t\t\t<img loading=\"lazy\" decoding=\"async\" width=\"295\" height=\"197\" src=\"https:\/\/www.theater-der-schatten.de\/bamberg\/wp-content\/uploads\/sites\/2\/2018\/04\/alles-ist-offen2.jpg\" class=\"attachment-full size-full\" alt=\"\" \/>\n\t\t\t<\/dt><\/dl><br style=\"clear: both\" \/>\n\t\t<\/div>\n\n<p>Dramaturgisch geht dadurch zwar das Geheimnis verloren, wie die Bilder entstehen. Die Frage nach dem \u201eWie\u201c taucht gar nicht erst auf, da ja alles sichtbar ist. Gleichzeitig aber muss der Zuschauer seine Aufmerksamkeit aufteilen: hin zu den Szenen auf der Leinwand, zum Gesicht des Spielers, der die Geschichte erz\u00e4hlt und zur Technik, denn dadurch l\u00e4sst sich entschl\u00fcsseln wie die Bilder entstehen. Das erfordert erh\u00f6hte Aufmerksamkeit. Und hier ist das Geheimnis wieder zur\u00fcck, denn \u201eSpannung\u201c ist nichts anderes!<\/p>\n<p>\u201eAlles ist offen\u201c hei\u00dft auch: jedes Publikum ist neu und keine Auff\u00fchrung ist wie die andere. Worte im Text ver\u00e4ndern sich, weil ich damit spiele, eine Pointe wird verschoben, ein Bild erscheint in anderem Winkel.<br \/>\nEines allerdings bleibt: das innere Feuer.<\/p>\n<p>Ob es mir nicht langweilig wird nach hunderten von Auff\u00fchrungen?<br \/>\nNein, wird es nicht!<br \/>\nWeil es keine Fiktion ist, die hier erz\u00e4hlt wird, sondern Geschichte, die sich tats\u00e4chlich so ereignet hat. Und obwohl von K\u00f6nigen und Bisch\u00f6fen die Rede ist, geht es letztlich immer um die Menschen, die in dieser Stadt gelebt haben und ihre Lebenszeit allzu oft erleiden mussten. Und sie wiederum stehen  f\u00fcr das  Menschsein schlechthin und den wohl immer w\u00e4hrenden Kampf um Wahrheit, W\u00fcrde und Freiheit.<br \/>\nUnd der ist immer erz\u00e4hlenswert.<\/p>\n","protected":false},"excerpt":{"rendered":"<p>Schattenspiel kennt jeder: flache Figuren hinter einer Leinwand gef\u00fchrt und irgendwo h\u00e4ngt ein Licht. Kommt aus China oder von irgendwo dort. Stimmt. Aber davon ist hier nicht die Rede! Sondern von Schatten theater und einer \u201eoffenen Spielweise\u201c. Davon, dass alles vor der Leinwand statt findet. Sichtbar ist. Auch der Spieler! Durch neue Lichtquellen ist es [&hellip;]<\/p>\n","protected":false},"author":4,"featured_media":0,"parent":0,"menu_order":4,"comment_status":"closed","ping_status":"closed","template":"","meta":{"footnotes":""},"class_list":["post-38","page","type-page","status-publish","hentry"],"_links":{"self":[{"href":"https:\/\/www.theater-der-schatten.de\/bamberg\/wp-json\/wp\/v2\/pages\/38","targetHints":{"allow":["GET"]}}],"collection":[{"href":"https:\/\/www.theater-der-schatten.de\/bamberg\/wp-json\/wp\/v2\/pages"}],"about":[{"href":"https:\/\/www.theater-der-schatten.de\/bamberg\/wp-json\/wp\/v2\/types\/page"}],"author":[{"embeddable":true,"href":"https:\/\/www.theater-der-schatten.de\/bamberg\/wp-json\/wp\/v2\/users\/4"}],"replies":[{"embeddable":true,"href":"https:\/\/www.theater-der-schatten.de\/bamberg\/wp-json\/wp\/v2\/comments?post=38"}],"version-history":[{"count":3,"href":"https:\/\/www.theater-der-schatten.de\/bamberg\/wp-json\/wp\/v2\/pages\/38\/revisions"}],"predecessor-version":[{"id":80,"href":"https:\/\/www.theater-der-schatten.de\/bamberg\/wp-json\/wp\/v2\/pages\/38\/revisions\/80"}],"wp:attachment":[{"href":"https:\/\/www.theater-der-schatten.de\/bamberg\/wp-json\/wp\/v2\/media?parent=38"}],"curies":[{"name":"wp","href":"https:\/\/api.w.org\/{rel}","templated":true}]}}