{"id":44,"date":"2018-04-08T20:23:11","date_gmt":"2018-04-08T18:23:11","guid":{"rendered":"http:\/\/www.theater-der-schatten.de\/bamberg\/?page_id=44"},"modified":"2022-03-25T19:25:58","modified_gmt":"2022-03-25T18:25:58","slug":"die-dahinter-stehen","status":"publish","type":"page","link":"https:\/\/www.theater-der-schatten.de\/bamberg\/die-dahinter-stehen\/","title":{"rendered":"Die dahinter stehen"},"content":{"rendered":"<h2><img loading=\"lazy\" decoding=\"async\" class=\"alignleft size-full wp-image-96\" src=\"http:\/\/www.theater-der-schatten.de\/bamberg\/wp-content\/uploads\/sites\/2\/2018\/04\/norbert-goetz.jpg\" alt=\"\" width=\"100\" height=\"150\" \/>Norbert G\u00f6tz, Erz\u00e4hlung und Spiel<\/h2>\n<p>Ob es Zufall war, dass ich einer kleinen Schattenspielauff\u00fchrung beiwohnen durfte? Wohl eher nicht. Denn nach einigen gescheiterten Ideen erschien es mir als letzte Chance, meinem Leben eine Richtung zu geben. Kreativ sollte meine Arbeit sein und nat\u00fcrlich selbst\u00e4ndig! Und blau\u00e4ugig genug daf\u00fcr war ich auch. Der Anfang war schwer und es gab tiefe T\u00e4ler. Aber der Mut der Verzweiflung war hilfreich und hat mich Beharrlichkeit gelehrt.<\/p>\n<p>Inzwischen sind es beinahe vierzig Jahre, in denen ich Geschichten erz\u00e4hle und das Licht nutze, um sie mit Schattenbildern zu begleiten. Ich bin zutiefst dankbar f\u00fcr diese Arbeit und erlebe sie als meine \u201eBerufung\u201c \u2013 wenn ich dieses wunderbare alte Wort noch einmal bem\u00fche. Sie erf\u00fcllt mich und ich betrachte es als ein um so gr\u00f6\u00dferes Gl\u00fcck, davon leben zu k\u00f6nnen.<\/p>\n<p>Allerdings w\u00e4re es sehr vermessen zu behaupten, ich h\u00e4tte dieses St\u00fcck allein &#8222;auf die Beine gestellt&#8220;. Eine Inszenierung solcher Gr\u00f6\u00dfe und Qualit\u00e4t braucht viele F\u00e4higkeiten und Fertigkeiten. Die meinen allein w\u00e4ren nicht genug.<\/p>\n<p>Als Au\u00dfenstehender sieht man nat\u00fcrlich nur das fertige St\u00fcck, aber ein Blick hinter die Kulissen offenbart, dass es erstaunlich viele Geschicke braucht, um ein solches St\u00fcck zur Premierenreife zu bringen.<\/p>\n<p>Ideen m\u00fcssen dramaturgisch bewertet werden, Sounds im Studio abgemischt, Leinw\u00e4nde gen\u00e4ht, Dialoge geschrieben, Figuren geschnitzt, der B\u00fchnentisch gebaut, das mittelalterliche Buch gebunden \u2013 und was sonst nicht noch alles!<\/p>\n<p>Deshalb freut es mich, hier auch jene erw\u00e4hnen zu k\u00f6nnen, die diese Arbeit mit Rat und Fachkenntnis begleitet haben und ohne deren Unterst\u00fctzung schlicht nichts daraus geworden w\u00e4re. Ich habe alle Beteiligten gebeten, ein kleines Foto beizusteuern und ein paar Worte.<\/p>\n<h2><img loading=\"lazy\" decoding=\"async\" class=\"alignleft size-full wp-image-95\" src=\"http:\/\/www.theater-der-schatten.de\/bamberg\/wp-content\/uploads\/sites\/2\/2020\/01\/frederic-2.jpg\" alt=\"\" width=\"100\" height=\"150\" \/>Frederic Heisig, Erz\u00e4hlung und Spiel<\/h2>\n<p>Seit 2017 gibt es einen zweiten Spieler im Theater der Schatten, der mit gro\u00dfer Leidenschaft in die Arbeit mit Licht eingestiegen ist. Wir haben in mehr als einj\u00e4hriger Arbeit das Requisitenbuch f\u00fcr ihn eigens neu gebaut. Neben den erfolgreichen Kinderst\u00fccken wird Frederic\u00a0 nun, nachdem ich seit 15 Jahren und mehr als tausend Auff\u00fchrungen jede Saison der Stadtgeschichte allein bestritten habe, mit Beginn der Spielzeit 2020 die j\u00e4hrlichen Auff\u00fchrungen mit mir teilen.\u00a0<\/p>\n<h2><img loading=\"lazy\" decoding=\"async\" class=\"alignleft size-full wp-image-95\" src=\"http:\/\/www.theater-der-schatten.de\/bamberg\/wp-content\/uploads\/sites\/2\/2018\/04\/therese-thomaschke.jpg\" alt=\"\" width=\"100\" height=\"150\" \/>Therese Thomaschke, Regie<\/h2>\n<p>Zum Theater hat es mich immer schon hingezogen. Trotzdem habe ich nach dem Abitur den ordentlichen Beruf des Buchbinders gelernt, 4 Jahre als Techniker in Leipzig am Theater gearbeitet und dann erst habe ich Puppenspiel an der Berliner Schule studiert. Von da an gab es alles was Theater so zu bieten hat: Staatstheater, freie Szene, In- und Ausland, Theatergruppen, Solospiel, Schauspiel, Puppenspiel, Regie, St\u00fccke schreiben, B\u00fchnenbilder, Puppenbau und nat\u00fcrlich den jahrelangen Schatten, auf den ich bei Norbert G\u00f6tz schauen durfte. Dieser Arbeit, deren Genauigkeit viel Geduld erfordert, muss man sich eigentlich ganz und gar widmen. F\u00fcr mich bleiben die Streifz\u00fcge durch Licht und Schatten immer ein kleines Wunder und eine ganz besondere Farbe des Spiels. Seit 2008 bin ich k\u00fcnstlerische Leiterin im Puppentheater des Deutsch- Sorbischen Volkstheaters in Bautzen. Bamberg ist leider viel zu weit weg.<\/p>\n<h2><img loading=\"lazy\" decoding=\"async\" class=\"alignleft size-full wp-image-94\" src=\"http:\/\/www.theater-der-schatten.de\/bamberg\/wp-content\/uploads\/sites\/2\/2018\/04\/juergen-hanelt.jpg\" alt=\"\" width=\"100\" height=\"150\" \/>J\u00fcrgen Hanelt, Ton<\/h2>\n<p>Ich bin seit 1992 f\u00fcr die Tontechnik am E.T.A.Hoffmann-Theater in Bamberg zust\u00e4ndig. Ab 1999 habe ich die Leitung der Fachgruppe \u201eTheater\u201c im Verband Deutscher Tonmeister \u00fcbernommen und seit 2001 bin ich auch Vorstandsbeauftragter der Deutschen Theatertechnischen Gesellschaft f\u00fcr den Bereich \u201eAudiotechnik in Theatern\u201c. Beruflich habe ich mich von 2006 bis 2009 als Cheftonmeister am Deutschen Nationaltheater in Weimar und danach bis 2010 als Theatertonmeister in Augsburg weiterentwickelt, seitdem bin ich wieder am Bamberger Stadttheater.<br \/>Mit Norbert G\u00f6tz verbindet mich seit 1996 eine enge Zusammenarbeit in der akustischen, tontechnischen und musikalischen Entwicklung seiner Theaterproduktionen. Die Weiterentwicklung seines Schattentheaterspiels hat mich stets fasziniert und es war nicht selten eine Herausforderung, seine W\u00fcnsche umzusetzen.<\/p>\n<h2><img loading=\"lazy\" decoding=\"async\" class=\"alignleft size-full wp-image-101\" src=\"http:\/\/www.theater-der-schatten.de\/bamberg\/wp-content\/uploads\/sites\/2\/2018\/04\/sonja-krebs.jpg\" alt=\"\" width=\"100\" height=\"150\" \/>Sonja Krebs, Fotos<\/h2>\n<p>Licht ist Fotografie,<br \/>ohne Licht &#8230; kein Bild.<br \/>Licht malt, Licht zeigt, Licht erz\u00e4hlt.<br \/>Licht macht Schatten,<br \/>Schattentheater.<\/p>\n<p>\u00a0<\/p>\n<h2><img loading=\"lazy\" decoding=\"async\" class=\"alignleft size-full wp-image-100\" src=\"http:\/\/www.theater-der-schatten.de\/bamberg\/wp-content\/uploads\/sites\/2\/2018\/04\/andre-hammon.jpg\" alt=\"\" width=\"100\" height=\"150\" \/>Andr\u00e9 Hammon, Grafik<\/h2>\n<p>und Verleger (Vivitaverlag), Herausgeber (Prismamagazin) sowie Produzent und Audioengineer (Puolostudio)<br \/>Das Verm\u00f6gen des k\u00fcnstlerischen Ausdrucks hat den Menschen aus dem Tier gesch\u00e4lt. Und jeder K\u00fcnstler hat auch die Aufgabe, der Gesellschaft neue Impulse zu geben, damit sie sich weiterentwickeln und neue Horizonte entdecken kann. Wer heute als K\u00fcnstler arbeiten darf und vor allem auch kann, ist wahrlich ein gesegneter Mensch!<br \/>Ich bin sehr dankbar, seit langen Jahren mit Norbert G\u00f6tz arbeiten zu k\u00f6nnen und in gemeinsamen Unternehmungen zu erleben, wie der kreative Fluss der Kr\u00e4fte seine vollendete Form findet. Er hat in seiner Arbeit mit Licht einen gesch\u00e4tzten Beitrag gefunden.<\/p>\n<h2><img loading=\"lazy\" decoding=\"async\" class=\"alignleft size-full wp-image-99\" src=\"http:\/\/www.theater-der-schatten.de\/bamberg\/wp-content\/uploads\/sites\/2\/2018\/04\/regine-ullein.jpg\" alt=\"\" width=\"100\" height=\"150\" \/>Regine Ullein, Buchbindung<\/h2>\n<p>Es hat mich immer interessiert, was wie funktioniert &#8211; oder auch nicht. Diese Neugierde hat mich von der Buchbinderin zur Buch-Restauratorin gef\u00fchrt.<br \/>Heute ist Restaurieren f\u00fcr mich ein Fenster in die Vergangenheit: Ich kann mit H\u00e4nden begreifen, wie verschiedene Zeiten ihren jeweiligen Alltagsgegenst\u00e4nden den Stempel aufdr\u00fccken. So l\u00e4sst sich z.B. ablesen, dass nach Kriegsjahren das Bed\u00fcrfnis nach Glanz und Prunk besonders gro\u00df war.<br \/>Die Arbeit f\u00fcr Norbert G\u00f6tz, ein Buch als B\u00fchne, bringt v\u00f6llig andere Beanspruchungen f\u00fcr das Objekt mit sich. Ich musste \u201cmein\u201d Thema Buch aus einem neuen Blickwinkel betrachten &#8211; und gerade das macht mir Spa\u00df.<\/p>\n<h2><img loading=\"lazy\" decoding=\"async\" class=\"alignleft size-full wp-image-98\" src=\"http:\/\/www.theater-der-schatten.de\/bamberg\/wp-content\/uploads\/sites\/2\/2018\/04\/lutz-parisek.jpg\" alt=\"\" width=\"100\" height=\"150\" \/>Lutz Parisek, B\u00fchnenbau<\/h2>\n<p>Als mir im Jahre 2003 mein alter Freund Norbert G\u00f6tz die ersten Ideen zu diesen St\u00fcck pr\u00e4sentierte, war es mir als Handwerker nat\u00fcrlich eine Freude und Ehre, ihm beim Bau der B\u00fchne zu helfen. Die doch sehr speziellen W\u00fcnsche von Norbert haben mich wie immer gereizt auch f\u00fcr diese kniffligen B\u00fchnenprobleme gute handwerkliche und gestalterische L\u00f6sungen zu finden.<br \/>Licht und Schatten dieser alten und liebenswerten Stadt darzustellen, gelingt ihm mit diesem St\u00fcck nunmehr seit vielen Jahren. F\u00fcr dieses gelungene Werk bin ich ihm, gerade aus Verbundenheit mit dieser Stadt, sehr dankbar.<\/p>\n<h2><img loading=\"lazy\" decoding=\"async\" class=\"alignleft size-full wp-image-97\" src=\"http:\/\/www.theater-der-schatten.de\/bamberg\/wp-content\/uploads\/sites\/2\/2018\/04\/laurenz-walterfang.jpg\" alt=\"\" width=\"100\" height=\"150\" \/>Laurenz Walterfang, Figuren<\/h2>\n<p>Geboren und aufgewachsen in Unterfranken, hab ich mich in der Rh\u00f6n zum Holzbildhauer ausbilden lassen. Inzwischen ist Neuseeland meine neue Heimat. Hier habe ich einige Jahre als Keramikrestaurator gearbeitet und mein Design Studium an der Universit\u00e4t Wellington abgeschlossen. Heute sammle ich edle Steine und H\u00f6lzer und schaffe daraus einzigartige Schmuckst\u00fccke, inspiriert von der Sch\u00f6nheit und Vielf\u00e4ltigkeit meiner Umgebung.<\/p>\n<p>Und hinter diesen stehen einige, die nicht Hand angelegt haben und trotzdem unentbehrlich sind:<br \/>meine Frau mit ihrem untr\u00fcglichen Blick und ihrer wohltuenden Best\u00e4tigung, mein stets hilfsbereiter Sohn, der nicht nur diese Webseite aufgebaut hat und betreut und meine Freunde mit Zuspruch und Rat.<\/p>\n<p>Nur mit ihnen&#8230;<\/p>\n\n\n<p><\/p>\n","protected":false},"excerpt":{"rendered":"<p>Norbert G\u00f6tz, Erz\u00e4hlung und Spiel Ob es Zufall war, dass ich einer kleinen Schattenspielauff\u00fchrung beiwohnen durfte? Wohl eher nicht. Denn nach einigen gescheiterten Ideen erschien es mir als letzte Chance, meinem Leben eine Richtung zu geben. Kreativ sollte meine Arbeit sein und nat\u00fcrlich selbst\u00e4ndig! Und blau\u00e4ugig genug daf\u00fcr war ich auch. Der Anfang war schwer [&hellip;]<\/p>\n","protected":false},"author":4,"featured_media":0,"parent":0,"menu_order":6,"comment_status":"closed","ping_status":"closed","template":"","meta":{"footnotes":""},"class_list":["post-44","page","type-page","status-publish","hentry"],"_links":{"self":[{"href":"https:\/\/www.theater-der-schatten.de\/bamberg\/wp-json\/wp\/v2\/pages\/44","targetHints":{"allow":["GET"]}}],"collection":[{"href":"https:\/\/www.theater-der-schatten.de\/bamberg\/wp-json\/wp\/v2\/pages"}],"about":[{"href":"https:\/\/www.theater-der-schatten.de\/bamberg\/wp-json\/wp\/v2\/types\/page"}],"author":[{"embeddable":true,"href":"https:\/\/www.theater-der-schatten.de\/bamberg\/wp-json\/wp\/v2\/users\/4"}],"replies":[{"embeddable":true,"href":"https:\/\/www.theater-der-schatten.de\/bamberg\/wp-json\/wp\/v2\/comments?post=44"}],"version-history":[{"count":15,"href":"https:\/\/www.theater-der-schatten.de\/bamberg\/wp-json\/wp\/v2\/pages\/44\/revisions"}],"predecessor-version":[{"id":307,"href":"https:\/\/www.theater-der-schatten.de\/bamberg\/wp-json\/wp\/v2\/pages\/44\/revisions\/307"}],"wp:attachment":[{"href":"https:\/\/www.theater-der-schatten.de\/bamberg\/wp-json\/wp\/v2\/media?parent=44"}],"curies":[{"name":"wp","href":"https:\/\/api.w.org\/{rel}","templated":true}]}}